{"id":631,"date":"2019-05-29T10:52:59","date_gmt":"2019-05-29T08:52:59","guid":{"rendered":"https:\/\/tornstaden.se\/rindoliv\/?page_id=631"},"modified":"2023-03-03T11:30:08","modified_gmt":"2023-03-03T10:30:08","slug":"ny-start","status":"publish","type":"page","link":"https:\/\/tornstaden.se\/mjornboalle\/","title":{"rendered":"Mj\u00f6rnbo G\u00e5rdar"},"content":{"rendered":"[mk_page_section bg_repeat=&#8221;no-repeat&#8221; full_width=&#8221;true&#8221; padding_top=&#8221;0&#8243; padding_bottom=&#8221;0&#8243; margin_bottom=&#8221;16&#8243; visibility=&#8221;hidden-sm&#8221; sidebar=&#8221;sidebar-1&#8243;][vc_column][rev_slider_vc alias=&#8221;mjornbo&#8221;][\/vc_column][\/mk_page_section][mk_page_section bg_repeat=&#8221;no-repeat&#8221; full_width=&#8221;true&#8221; padding_top=&#8221;0&#8243; padding_bottom=&#8221;0&#8243; margin_bottom=&#8221;16&#8243; visibility=&#8221;visible-sm&#8221; sidebar=&#8221;sidebar-1&#8243;][vc_column][rev_slider_vc alias=&#8221;mjornbo&#8221;][\/vc_column][\/mk_page_section][mk_page_section][vc_column][mk_fancy_title margin_bottom=&#8221;0&#8243; font_family=&#8221;none&#8221;]\n<h1 style=\"text-align: center;\">Nu har alla flyttat in i Mj\u00f6rnbo All\u00e9!<\/h1>\n[\/mk_fancy_title][vc_column_text align=&#8221;center&#8221; margin_bottom=&#8221;16&#8243; css=&#8221;.vc_custom_1677839319711{margin-bottom: 0px !important;}&#8221;]Mj\u00f6rnbo All\u00e9 kallas det omr\u00e5de som Tornstaden, tillsammans med Lerums kommun, l\u00e5tit v\u00e4xa fram i centrala Gr\u00e5bo nord\u00f6st om G\u00f6teborg. I st\u00e4llet f\u00f6r att bygga ut, har Mj\u00f6rnbo All\u00e9 byggt ihop. I den femte och avslutande etappen, som vi valt att kalla Mj\u00f6rnbo G\u00e5rdar, byggdes 39 radhus i bostadsr\u00e4ttsform. Radhusen var inflyttningsklara vid \u00e5rsskiftet 2022\/2023.<\/p>\n<p>Varmt v\u00e4lkommen till Mj\u00f6rnbo G\u00e5rdar![\/vc_column_text][\/vc_column][\/mk_page_section][vc_row fullwidth=&#8221;true&#8221; css=&#8221;.vc_custom_1629891763214{background-image: url(https:\/\/tornstaden.se\/mjornboalle\/wp-content\/uploads\/2021\/08\/martin-eriksson-3svyjycrz6g-unsplash-1-scaled.jpg?id=1460) !important;}&#8221;][vc_column][mk_padding_divider size=&#8221;60&#8243;][vc_column_text margin_bottom=&#8221;60&#8243; css=&#8221;.vc_custom_1629891853363{margin-bottom: 0px !important;}&#8221;]<div class=\"_3d-flip-book  fb3d-fullscreen-mode full-size\" data-id=\"1462\" data-mode=\"fullscreen\" data-title=\"false\" data-template=\"short-white-book-view\" data-lightbox=\"dark\" data-urlparam=\"fb3d-page\" data-page-n=\"0\" data-pdf=\"\" data-tax=\"null\" data-thumbnail=\"\" data-cols=\"3\" data-query=\"\"><\/div>[\/vc_column_text][mk_padding_divider size=&#8221;60&#8243;][\/vc_column][\/vc_row][mk_page_section padding_top=&#8221;60&#8243; padding_bottom=&#8221;60&#8243; margin_bottom=&#8221;40&#8243; section_id=&#8221;intresseanmalan&#8221; sidebar=&#8221;sidebar-1&#8243;][vc_column width=&#8221;1\/2&#8243;][mk_image src=&#8221;https:\/\/tornstaden.se\/mjornboalle\/wp-content\/uploads\/2021\/07\/exterior-day_web.gif&#8221; image_size=&#8221;full&#8221;][\/vc_column][vc_column width=&#8221;1\/2&#8243;][mk_image src=&#8221;https:\/\/tornstaden.se\/mjornboalle\/wp-content\/uploads\/2021\/08\/vardagsrum_web.gif&#8221; image_size=&#8221;full&#8221;][\/vc_column][\/mk_page_section][mk_page_section bg_color=&#8221;#e4dcca&#8221; padding_top=&#8221;60&#8243; padding_bottom=&#8221;60&#8243; sidebar=&#8221;sidebar-1&#8243;][vc_column][mk_advanced_gmaps custom_markers=&#8221;true&#8221; latitude=&#8221;57.836388&#8243; longitude=&#8221;12.301178&#8243; address=&#8221;Mj\u00f6rnbo all\u00e9&#8221; custom_marker_1=&#8221;https:\/\/tornstaden.se\/mjornboalle\/wp-content\/uploads\/2019\/05\/map-icon-tornstaden.png&#8221; additional_markers=&#8221;JTVCJTVE&#8221; height=&#8221;500&#8243; map_zoom=&#8221;10&#8243; modify_json=&#8221;true&#8221; map_json=&#8221;JTVCJTBBJTIwJTIwJTdCJTBBJTIwJTIwJTIwJTIwJTIyZWxlbWVudFR5cGUlMjIlM0ElMjAlMjJnZW9tZXRyeSUyMiUyQyUwQSUyMCUyMCUyMCUyMCUyMnN0eWxlcnMlMjIlM0ElMjAlNUIlMEElMjAlMjAlMjAlMjAlMjAlMjAlN0IlMEElMjAlMjAlMjAlMjAlMjAlMjAlMjAlMjAlMjJjb2xvciUyMiUzQSUyMCUyMiUyM2Y1ZjVmNSUyMiUwQSUyMCUyMCUyMCUyMCUyMCUyMCU3RCUwQSUyMCUyMCUyMCUyMCU1RCUwQSUyMCUyMCU3RCUyQyUwQSUyMCUyMCU3QiUwQSUyMCUyMCUyMCUyMCUyMmVsZW1lbnRUeXBlJTIyJTNBJTIwJTIybGFiZWxzLmljb24lMjIlMkMlMEElMjAlMjAlMjAlMjAlMjJzdHlsZXJzJTIyJTNBJTIwJTVCJTBBJTIwJTIwJTIwJTIwJTIwJTIwJTdCJTBBJTIwJTIwJTIwJTIwJTIwJTIwJTIwJTIwJTIydmlzaWJpbGl0eSUyMiUzQSUyMCUyMm9mZiUyMiUwQSUyMCUyMCUyMCUyMCUyMCUyMCU3RCUwQSUyMCUyMCUyMCUyMCU1RCUwQSUyMCUyMCU3RCUyQyUwQSUyMCUyMCU3QiUwQSUyMCUyMCUyMCUyMCUyMmVsZW1lbnRUeXBlJTIyJTNBJTIwJTIybGFiZWxzLnRleHQuZmlsbCUyMiUyQyUwQSUyMCUyMCUyMCUyMCUyMnN0eWxlcnMlMjIlM0ElMjAlNUIlMEElMjAlMjAlMjAlMjAlMjAlMjAlN0IlMEElMjAlMjAlMjAlMjAlMjAlMjAlMjAlMjAlMjJjb2xvciUyMiUzQSUyMCUyMiUyMzYxNjE2MSUyMiUwQSUyMCUyMCUyMCUyMCUyMCUyMCU3RCUwQSUyMCUyMCUyMCUyMCU1RCUwQSUyMCUyMCU3RCUyQyUwQSUyMCUyMCU3QiUwQSUyMCUyMCUyMCUyMCUyMmVsZW1lbnRUeXBlJTIyJTNBJTIwJTIybGFiZWxzLnRleHQuc3Ryb2tlJTIyJTJDJTBBJTIwJTIwJTIwJTIwJTIyc3R5bGVycyUyMiUzQSUyMCU1QiUwQSUyMCUyMCUyMCUyMCUyMCUyMCU3QiUwQSUyMCUyMCUyMCUyMCUyMCUyMCUyMCUyMCUyMmNvbG9yJTIyJTNBJTIwJTIyJTIzZjVmNWY1JTIyJTBBJTIwJTIwJTIwJTIwJTIwJTIwJTdEJTBBJTIwJTIwJTIwJTIwJTVEJTBBJTIwJTIwJTdEJTJDJTBBJTIwJTIwJTdCJTBBJTIwJTIwJTIwJTIwJTIyZmVhdHVyZVR5cGUlMjIlM0ElMjAlMjJhZG1pbmlzdHJhdGl2ZS5sYW5kX3BhcmNlbCUyMiUyQyUwQSUyMCUyMCUyMCUyMCUyMmVsZW1lbnRUeXBlJTIyJTNBJTIwJTIybGFiZWxzLnRleHQuZmlsbCUyMiUyQyUwQSUyMCUyMCUyMCUyMCUyMnN0eWxlcnMlMjIlM0ElMjAlNUIlMEElMjAlMjAlMjAlMjAlMjAlMjAlN0IlMEElMjAlMjAlMjAlMjAlMjAlMjAlMjAlMjAlMjJjb2xvciUyMiUzQSUyMCUyMiUyM2JkYmRiZCUyMiUwQSUyMCUyMCUyMCUyMCUyMCUyMCU3RCUwQSUyMCUyMCUyMCUyMCU1RCUwQSUyMCUyMCU3RCUyQyUwQSUyMCUyMCU3QiUwQSUyMCUyMCUyMCUyMCUyMmZlYXR1cmVUeXBlJTIyJTNBJTIwJTIycG9pJTIyJTJDJTBBJTIwJTIwJTIwJTIwJTIyZWxlbWVudFR5cGUlMjIlM0ElMjAlMjJnZW9tZXRyeSUyMiUyQyUwQSUyMCUyMCUyMCUyMCUyMnN0eWxlcnMlMjIlM0ElMjAlNUIlMEElMjAlMjAlMjAlMjAlMjAlMjAlN0IlMEElMjAlMjAlMjAlMjAlMjAlMjAlMjAlMjAlMjJjb2xvciUyMiUzQSUyMCUyMiUyM2VlZWVlZSUyMiUwQSUyMCUyMCUyMCUyMCUyMCUyMCU3RCUwQSUyMCUyMCUyMCUyMCU1RCUwQSUyMCUyMCU3RCUyQyUwQSUyMCUyMCU3QiUwQSUyMCUyMCUyMCUyMCUyMmZlYXR1cmVUeXBlJTIyJTNBJTIwJTIycG9pJTIyJTJDJTBBJTIwJTIwJTIwJTIwJTIyZWxlbWVudFR5cGUlMjIlM0ElMjAlMjJsYWJlbHMudGV4dC5maWxsJTIyJTJDJTBBJTIwJTIwJTIwJTIwJTIyc3R5bGVycyUyMiUzQSUyMCU1QiUwQSUyMCUyMCUyMCUyMCUyMCUyMCU3QiUwQSUyMCUyMCUyMCUyMCUyMCUyMCUyMCUyMCUyMmNvbG9yJTIyJTNBJTIwJTIyJTIzNzU3NTc1JTIyJTBBJTIwJTIwJTIwJTIwJTIwJTIwJTdEJTBBJTIwJTIwJTIwJTIwJTVEJTBBJTIwJTIwJTdEJTJDJTBBJTIwJTIwJTdCJTBBJTIwJTIwJTIwJTIwJTIyZmVhdHVyZVR5cGUlMjIlM0ElMjAlMjJwb2kucGFyayUyMiUyQyUwQSUyMCUyMCUyMCUyMCUyMmVsZW1lbnRUeXBlJTIyJTNBJTIwJTIyZ2VvbWV0cnklMjIlMkMlMEElMjAlMjAlMjAlMjAlMjJzdHlsZXJzJTIyJTNBJTIwJTVCJTBBJTIwJTIwJTIwJTIwJTIwJTIwJTdCJTBBJTIwJTIwJTIwJTIwJTIwJTIwJTIwJTIwJTIyY29sb3IlMjIlM0ElMjAlMjIlMjNlNWU1ZTUlMjIlMEElMjAlMjAlMjAlMjAlMjAlMjAlN0QlMEElMjAlMjAlMjAlMjAlNUQlMEElMjAlMjAlN0QlMkMlMEElMjAlMjAlN0IlMEElMjAlMjAlMjAlMjAlMjJmZWF0dXJlVHlwZSUyMiUzQSUyMCUyMnBvaS5wYXJrJTIyJTJDJTBBJTIwJTIwJTIwJTIwJTIyZWxlbWVudFR5cGUlMjIlM0ElMjAlMjJsYWJlbHMudGV4dC5maWxsJTIyJTJDJTBBJTIwJTIwJTIwJTIwJTIyc3R5bGVycyUyMiUzQSUyMCU1QiUwQSUyMCUyMCUyMCUyMCUyMCUyMCU3QiUwQSUyMCUyMCUyMCUyMCUyMCUyMCUyMCUyMCUyMmNvbG9yJTIyJTNBJTIwJTIyJTIzOWU5ZTllJTIyJTBBJTIwJTIwJTIwJTIwJTIwJTIwJTdEJTBBJTIwJTIwJTIwJTIwJTVEJTBBJTIwJTIwJTdEJTJDJTBBJTIwJTIwJTdCJTBBJTIwJTIwJTIwJTIwJTIyZmVhdHVyZVR5cGUlMjIlM0ElMjAlMjJyb2FkJTIyJTJDJTBBJTIwJTIwJTIwJTIwJTIyZWxlbWVudFR5cGUlMjIlM0ElMjAlMjJnZW9tZXRyeSUyMiUyQyUwQSUyMCUyMCUyMCUyMCUyMnN0eWxlcnMlMjIlM0ElMjAlNUIlMEElMjAlMjAlMjAlMjAlMjAlMjAlN0IlMEElMjAlMjAlMjAlMjAlMjAlMjAlMjAlMjAlMjJjb2xvciUyMiUzQSUyMCUyMiUyM2ZmZmZmZiUyMiUwQSUyMCUyMCUyMCUyMCUyMCUyMCU3RCUwQSUyMCUyMCUyMCUyMCU1RCUwQSUyMCUyMCU3RCUyQyUwQSUyMCUyMCU3QiUwQSUyMCUyMCUyMCUyMCUyMmZlYXR1cmVUeXBlJTIyJTNBJTIwJTIycm9hZC5hcnRlcmlhbCUyMiUyQyUwQSUyMCUyMCUyMCUyMCUyMmVsZW1lbnRUeXBlJTIyJTNBJTIwJTIybGFiZWxzLnRleHQuZmlsbCUyMiUyQyUwQSUyMCUyMCUyMCUyMCUyMnN0eWxlcnMlMjIlM0ElMjAlNUIlMEElMjAlMjAlMjAlMjAlMjAlMjAlN0IlMEElMjAlMjAlMjAlMjAlMjAlMjAlMjAlMjAlMjJjb2xvciUyMiUzQSUyMCUyMiUyMzc1NzU3NSUyMiUwQSUyMCUyMCUyMCUyMCUyMCUyMCU3RCUwQSUyMCUyMCUyMCUyMCU1RCUwQSUyMCUyMCU3RCUyQyUwQSUyMCUyMCU3QiUwQSUyMCUyMCUyMCUyMCUyMmZlYXR1cmVUeXBlJTIyJTNBJTIwJTIycm9hZC5oaWdod2F5JTIyJTJDJTBBJTIwJTIwJTIwJTIwJTIyZWxlbWVudFR5cGUlMjIlM0ElMjAlMjJnZW9tZXRyeSUyMiUyQyUwQSUyMCUyMCUyMCUyMCUyMnN0eWxlcnMlMjIlM0ElMjAlNUIlMEElMjAlMjAlMjAlMjAlMjAlMjAlN0IlMEElMjAlMjAlMjAlMjAlMjAlMjAlMjAlMjAlMjJjb2xvciUyMiUzQSUyMCUyMiUyM2RhZGFkYSUyMiUwQSUyMCUyMCUyMCUyMCUyMCUyMCU3RCUwQSUyMCUyMCUyMCUyMCU1RCUwQSUyMCUyMCU3RCUyQyUwQSUyMCUyMCU3QiUwQSUyMCUyMCUyMCUyMCUyMmZlYXR1cmVUeXBlJTIyJTNBJTIwJTIycm9hZC5oaWdod2F5JTIyJTJDJTBBJTIwJTIwJTIwJTIwJTIyZWxlbWVudFR5cGUlMjIlM0ElMjAlMjJsYWJlbHMudGV4dC5maWxsJTIyJTJDJTBBJTIwJTIwJTIwJTIwJTIyc3R5bGVycyUyMiUzQSUyMCU1QiUwQSUyMCUyMCUyMCUyMCUyMCUyMCU3QiUwQSUyMCUyMCUyMCUyMCUyMCUyMCUyMCUyMCUyMmNvbG9yJTIyJTNBJTIwJTIyJTIzNjE2MTYxJTIyJTBBJTIwJTIwJTIwJTIwJTIwJTIwJTdEJTBBJTIwJTIwJTIwJTIwJTVEJTBBJTIwJTIwJTdEJTJDJTBBJTIwJTIwJTdCJTBBJTIwJTIwJTIwJTIwJTIyZmVhdHVyZVR5cGUlMjIlM0ElMjAlMjJyb2FkLmxvY2FsJTIyJTJDJTBBJTIwJTIwJTIwJTIwJTIyZWxlbWVudFR5cGUlMjIlM0ElMjAlMjJsYWJlbHMudGV4dC5maWxsJTIyJTJDJTBBJTIwJTIwJTIwJTIwJTIyc3R5bGVycyUyMiUzQSUyMCU1QiUwQSUyMCUyMCUyMCUyMCUyMCUyMCU3QiUwQSUyMCUyMCUyMCUyMCUyMCUyMCUyMCUyMCUyMmNvbG9yJTIyJTNBJTIwJTIyJTIzOWU5ZTllJTIyJTBBJTIwJTIwJTIwJTIwJTIwJTIwJTdEJTBBJTIwJTIwJTIwJTIwJTVEJTBBJTIwJTIwJTdEJTJDJTBBJTIwJTIwJTdCJTBBJTIwJTIwJTIwJTIwJTIyZmVhdHVyZVR5cGUlMjIlM0ElMjAlMjJ0cmFuc2l0LmxpbmUlMjIlMkMlMEElMjAlMjAlMjAlMjAlMjJlbGVtZW50VHlwZSUyMiUzQSUyMCUyMmdlb21ldHJ5JTIyJTJDJTBBJTIwJTIwJTIwJTIwJTIyc3R5bGVycyUyMiUzQSUyMCU1QiUwQSUyMCUyMCUyMCUyMCUyMCUyMCU3QiUwQSUyMCUyMCUyMCUyMCUyMCUyMCUyMCUyMCUyMmNvbG9yJTIyJTNBJTIwJTIyJTIzZTVlNWU1JTIyJTBBJTIwJTIwJTIwJTIwJTIwJTIwJTdEJTBBJTIwJTIwJTIwJTIwJTVEJTBBJTIwJTIwJTdEJTJDJTBBJTIwJTIwJTdCJTBBJTIwJTIwJTIwJTIwJTIyZmVhdHVyZVR5cGUlMjIlM0ElMjAlMjJ0cmFuc2l0LnN0YXRpb24lMjIlMkMlMEElMjAlMjAlMjAlMjAlMjJlbGVtZW50VHlwZSUyMiUzQSUyMCUyMmdlb21ldHJ5JTIyJTJDJTBBJTIwJTIwJTIwJTIwJTIyc3R5bGVycyUyMiUzQSUyMCU1QiUwQSUyMCUyMCUyMCUyMCUyMCUyMCU3QiUwQSUyMCUyMCUyMCUyMCUyMCUyMCUyMCUyMCUyMmNvbG9yJTIyJTNBJTIwJTIyJTIzZWVlZWVlJTIyJTBBJTIwJTIwJTIwJTIwJTIwJTIwJTdEJTBBJTIwJTIwJTIwJTIwJTVEJTBBJTIwJTIwJTdEJTJDJTBBJTIwJTIwJTdCJTBBJTIwJTIwJTIwJTIwJTIyZmVhdHVyZVR5cGUlMjIlM0ElMjAlMjJ3YXRlciUyMiUyQyUwQSUyMCUyMCUyMCUyMCUyMmVsZW1lbnRUeXBlJTIyJTNBJTIwJTIyZ2VvbWV0cnklMjIlMkMlMEElMjAlMjAlMjAlMjAlMjJzdHlsZXJzJTIyJTNBJTIwJTVCJTBBJTIwJTIwJTIwJTIwJTIwJTIwJTdCJTBBJTIwJTIwJTIwJTIwJTIwJTIwJTIwJTIwJTIyY29sb3IlMjIlM0ElMjAlMjIlMjNjOWM5YzklMjIlMEElMjAlMjAlMjAlMjAlMjAlMjAlN0QlMEElMjAlMjAlMjAlMjAlNUQlMEElMjAlMjAlN0QlMkMlMEElMjAlMjAlN0IlMEElMjAlMjAlMjAlMjAlMjJmZWF0dXJlVHlwZSUyMiUzQSUyMCUyMndhdGVyJTIyJTJDJTBBJTIwJTIwJTIwJTIwJTIyZWxlbWVudFR5cGUlMjIlM0ElMjAlMjJsYWJlbHMudGV4dC5maWxsJTIyJTJDJTBBJTIwJTIwJTIwJTIwJTIyc3R5bGVycyUyMiUzQSUyMCU1QiUwQSUyMCUyMCUyMCUyMCUyMCUyMCU3QiUwQSUyMCUyMCUyMCUyMCUyMCUyMCUyMCUyMCUyMmNvbG9yJTIyJTNBJTIwJTIyJTIzOWU5ZTllJTIyJTBBJTIwJTIwJTIwJTIwJTIwJTIwJTdEJTBBJTIwJTIwJTIwJTIwJTVEJTBBJTIwJTIwJTdEJTBBJTVE&#8221;][\/vc_column][\/mk_page_section][mk_page_section bg_color=&#8221;#000000&#8243; padding_top=&#8221;80&#8243; padding_bottom=&#8221;60&#8243; section_id=&#8221;kontakt&#8221; sidebar=&#8221;sidebar-1&#8243;][vc_column width=&#8221;1\/2&#8243;][vc_column_text margin_bottom=&#8221;16&#8243; el_class=&#8221;white-text&#8221; css=&#8221;.vc_custom_1677839382873{margin-bottom: 0px !important;}&#8221;]<strong>Etapp 1<br \/>\n<\/strong>49 bostadsr\u00e4tter och lokaler i bottenplan<br \/>\n<strong>Etapp 2<br \/>\n<\/strong>45 hyresl\u00e4genheter och lokaler i bottenplan<br \/>\n<strong>Etapp 3<br \/>\n<\/strong>54 bostadsr\u00e4tter<br \/>\n<strong>Etapp 4<br \/>\n<\/strong>62 hyresr\u00e4tter<br \/>\n<strong>Etapp 5<br \/>\n<\/strong>39 radhus i bostadsr\u00e4ttsform[\/vc_column_text][mk_padding_divider visibility=&#8221;visible-sm&#8221;][\/vc_column][vc_column width=&#8221;1\/2&#8243;][mk_image src=&#8221;https:\/\/tornstaden.se\/mjornboalle\/wp-content\/uploads\/2019\/10\/grabo-4-overview_med-markering_web.jpg&#8221; image_size=&#8221;full&#8221;][mk_padding_divider visibility=&#8221;visible-sm&#8221;][\/vc_column][\/mk_page_section][mk_page_section padding_top=&#8221;64&#8243; padding_bottom=&#8221;64&#8243; sidebar=&#8221;sidebar-1&#8243;][vc_column][mk_fancy_title size=&#8221;24&#8243; margin_bottom=&#8221;0&#8243; font_family=&#8221;none&#8221; align=&#8221;center&#8221;]\n<h2>L\u00e5ngsiktigt boende<\/h2>\n[\/mk_fancy_title][vc_column_text align=&#8221;center&#8221; margin_bottom=&#8221;40&#8243; css=&#8221;.vc_custom_1569849403503{margin-bottom: 0px !important;}&#8221;]Med ledorden trygghet, attraktivitet och rumslighet som r\u00e4ttesn\u00f6re f\u00f6rt\u00e4tas Gr\u00e5bo centrum med bost\u00e4der och verksamhetslokaler som ger m\u00f6jlighet till den planerade utvecklingen. Samtliga nya gator i omr\u00e5det kantas av separata g\u00e5ngbanor och p\u00e5 vissa platser \u00e4ven cykelbanor och en ridbana. Syftet \u00e4r att skapa attraktiva gaturum med fokus p\u00e5 h\u00e5llbarhet och trygghet, d\u00e4r det \u00e4r trevligt att vistas s\u00e5v\u00e4l p\u00e5 dagen som p\u00e5 kv\u00e4llen.[\/vc_column_text][mk_padding_divider][vc_row_inner css=&#8221;.vc_custom_1559291692732{margin-bottom: 64px !important;}&#8221;][vc_column_inner width=&#8221;1\/2&#8243;][vc_video link=&#8221;https:\/\/vimeo.com\/592151235&#8243; autoplay=&#8221;true&#8221; loop=&#8221;true&#8221; hide_controls=&#8221;true&#8221;][mk_padding_divider][\/vc_column_inner][vc_column_inner width=&#8221;1\/2&#8243;][mk_fancy_title tag_name=&#8221;h3&#8243; size=&#8221;24&#8243; margin_bottom=&#8221;0&#8243; font_family=&#8221;none&#8221;]\n<h3>Lerum &#8211; En milj\u00f6v\u00e4nlig kommun<\/h3>\n[\/mk_fancy_title][vc_column_text css=&#8221;.vc_custom_1569912103715{margin-bottom: 0px !important;}&#8221;]Gr\u00e5bo ligger i Lerums kommun, en kommun som ligger i topp i Sverige n\u00e4r det g\u00e4ller f\u00f6rnybar energi i kommunens lokaler. Hela kommunen \u00e4r milj\u00f6diplomerad och kommunens etiska och milj\u00f6m\u00e4ssiga krav i upphandlingar ger h\u00f6ga po\u00e4ng i Milj\u00f6aktuellts senaste rankning av Sveriges kommuner. Kommunen har som m\u00e5l att Gr\u00e5bo ska bli Sveriges f\u00f6rsta h\u00e5llbara t\u00e4tort.<\/p>\n<p>Vi \u00e4r stolta \u00f6ver att f\u00e5 vara en del av denna h\u00e5llbara samh\u00e4llsutveckling.[\/vc_column_text][\/vc_column_inner][\/vc_row_inner][vc_row_inner][vc_column_inner width=&#8221;1\/2&#8243;][mk_fancy_title tag_name=&#8221;h3&#8243; size=&#8221;24&#8243; margin_bottom=&#8221;0&#8243; font_family=&#8221;none&#8221;]\n<h3>Vi bygger hus f\u00f6r livet<\/h3>\n[\/mk_fancy_title][vc_column_text css=&#8221;.vc_custom_1559468457676{margin-bottom: 0px !important;}&#8221;]Tornstaden har l\u00e5ng erfarenhet av att producera bostadshus med fokus p\u00e5 kvalitet. V\u00e5r projektutvecklingsverksamhet tar hand om helheten, det vill s\u00e4ga fr\u00e5n k\u00f6p av r\u00e5mark till inflyttningsklart projekt. Med bred kunskap hanterar vi f\u00f6rv\u00e4rv av fastigheter, driver planprocesser, projekterar och uppf\u00f6r byggnader. Det inneb\u00e4r att vi tar ett tydligt ansvar och har full kvalitetskontroll under hela processen. V\u00e5r byggverksamhet bygger \u00e4ven bost\u00e4der f\u00f6r flera andra stora kunder. En lyckad helhet med fokus p\u00e5 milj\u00f6, ekonomi och estetik \u00e4r v\u00e5rt m\u00e5l.[\/vc_column_text][mk_button dimension=&#8221;outline&#8221; size=&#8221;medium&#8221; url=&#8221;https:\/\/tornstaden.se\/alla-projekt\/?pp=all&amp;pc=all&amp;ps=all&amp;pr=all&#8221; margin_bottom=&#8221;16&#8243; margin_right=&#8221;16&#8243;]V\u00e5ra projekt[\/mk_button][\/vc_column_inner][vc_column_inner width=&#8221;1\/2&#8243;][vc_single_image image=&#8221;192&#8243; img_size=&#8221;full&#8221;][\/vc_column_inner][\/vc_row_inner][vc_column_text align=&#8221;right&#8221; css=&#8221;.vc_custom_1559468000639{margin-bottom: 0px !important;}&#8221;]<em>3D-bilderna p\u00e5 sidan \u00e4r endast visionsbilder och avvikelser kan f\u00f6rekomma<\/em>.[\/vc_column_text][\/vc_column][\/mk_page_section][vc_row][vc_column][vc_column_text css=&#8221;.vc_custom_1629895172987{margin-bottom: 0px !important;}&#8221;]        <div class=\"home-finder-fade\"><\/div>\n        <div class=\"home-finder one-house \" data-url=\"\/mjornboalle\/wp-json\/wp\/v2\/pages\/631\">\n            <div class=\"home-finder_open\"><img src=\"https:\/\/tornstaden.se\/mjornboalle\/wp-content\/plugins\/mjornboalle-homefinder\/dist\/img\/btn_open.png\"><\/div>\n            <div class=\"home-finder_content\">\n                <div class=\"home-finder_header\">\n                    <div class=\"home-finder_header_container\">\n                        <div class=\"home-finder_header_close\"><\/div>\n                        <div class=\"home-finder-back mobile-hide\">Tillbaka<\/div>\n                        <div class=\"home-finder_header_branding\"><span>Mj\u00f6rnbo G\u00e5rdar<\/span><\/div>\n                        <div class=\"home-finder_header_tagline\">V\u00e4lj radhus och hitta ditt boende.<\/div>\n                    <\/div>\n                <\/div>\n                <div class=\"home-finder_nav\">\n                    <div class=\"home-finder_container\">\n                        <ul>\n                            <li class=\"nav-apartment-list mobile-hide\"><span class=\"btn-apartment-list\">Lista bost\u00e4der<\/span>\n                                <div class=\"home-finder_apartment-table\">\n                                    <div class=\"home-finder_apartment-table_scroll\">\n                                        <table>\n                                            <thead>\n                                                <tr>\n                                                    <th class=\"first\">Radhus<\/th>\n                                                    <th>Rum<\/th>\n                                                    <th>Area<\/th>\n                                                    <th nowrap>Pris<\/th>\n                                                    <th class=\"last\">Status<\/th>\n                                                <\/tr>\n                                            <\/thead>\n                                            <tbody>\n                                            <\/tbody>\n                                        <\/table>\n                                    <\/div>\n                                <\/div>\n                            <\/li>\n                            <li class=\"nav-filter\"><span class=\"btn-apartment-filter\">Filtrera<\/span>\n                                <div class=\"home-finder_apartment-filter\">\n                                    <div class=\"home-finder_apartment-filter_input\">\n                                        <input type=\"checkbox\" id=\"free-filter\"> Lediga<br>\n                                        <!--<input type=\"checkbox\" id=\"room-1-filter\"> 1 rok<br>\n                                        <input type=\"checkbox\" id=\"room-2-filter\"> 2 rok<br>\n                                        <input type=\"checkbox\" id=\"room-3-filter\"> 3 rok<br>-->\n                                        <!--<input type=\"checkbox\" id=\"room-4-filter\"> 4 rok<br>-->\n                                        <!--<input type=\"checkbox\" id=\"room-5-filter\"> 5 rok<br>-->\n                                    <\/div>\n                                    <div class=\"home-finder_apartment-filter_start\">\n                                        V\u00e4lj ett hus, sedan kan du filtrera bost\u00e4der.\n                                    <\/div>\n                                <\/div>\n\n                            <\/li>\n                        <\/ul>\n                    <\/div>\n                <\/div>\n\n                <div class=\"home-finder_views\">\n                    <div class=\"house_nav\"><\/div>\n                    <div class=\"rotate rotate_left\">Rotera<\/div>\n                    <div class=\"rotate rotate_right\">Rotera<\/div>\n                    <img class=\"home-finder_views_img\" src=\"https:\/\/tornstaden.se\/mjornboalle\/wp-content\/plugins\/mjornboalle-homefinder\/dist\/img\/overview.jpg\">\n                    <div class=\"home-finder_views_svg\"><\/div>\n                    <div class=\"home-finder_nav_bottom\">\n                        <div class=\"home-finder_container\">\n                            <span class=\"home-finder-back\">&laquo; Tillbaka till \u00f6versikt \/ <\/span>\n                            <span class=\"home-finder-view-desc\">Brf Pr\u00e4stlyckan \u00f6versikt<\/span>\n                            <span class=\"home-finder-view-price mobile-hide\"><a href=\"https:\/\/tornstaden.se\/mjornboalle\/prislista\/\">Prislista<\/a><\/span>\n                        <\/div>\n                    <\/div>\n                <\/div>\n                <div class=\"home-finder_tooltip\">\n                    <div class=\"home-finder_tooltip_header\">\n                        <h2><\/h2>\n                    <\/div>\n                    <div class=\"home-finder_tooltip_content\">\n                        <ul><\/ul>\n                    <\/div>\n                <\/div>\n                <div class=\"home-finder_mobile-filter home-finder_apartment-table mobile-only\">\n                    <div class=\"home-finder_mobile-price-list\"><a href=\"https:\/\/tornstaden.se\/mjornboalle\/prislista\/\">Prislista<\/a><\/div>\n                    <div class=\"home-finder_mobile-filter_header\">Visa l\u00e4genhetslista<\/div>\n                    <table>\n                        <thead>\n                        <tr>\n                            <th class=\"first\">Radhus<\/th>\n                            <th>Rum<\/th>\n                            <th>Area<\/th>\n                            <th nowrap>Pris<\/th>\n                            <th class=\"last\">Status<\/th>\n                        <\/tr>\n                        <\/thead>\n                        <tbody>\n                        <\/tbody>\n                    <\/table>\n                <\/div>\n                <div class=\"home-finder_apartment-info\">\n                    <div class=\"home-finder_container\">\n                        <div class=\"home-finder_apartment-info_2_3\">\n                            <div class=\"content\">\n                            <a class=\"pdf-link\" name=\"\" target=\"_blank\" href=\"#\"><img class=\"design\" src=\"https:\/\/tornstaden.se\/mjornboalle\/wp-content\/plugins\/mjornboalle-homefinder\/dist\/img\/overview.jpg\"><\/a>\n                                <div class=\"desc\"><\/div>\n                                <h2>Fakta<\/h2>\n                                <div class=\"info col_2_3\">\n                                    <ul><\/ul>\n                                <\/div>\n                                <div class=\"col_1_3\">\n                                    <img class=\"hide\" src=\"https:\/\/tornstaden.se\/mjornboalle\/wp-content\/plugins\/mjornboalle-homefinder\/dist\/img\/kompass.png\">\n                                    <div class=\"house_nav\"><\/div>\n                                <\/div>\n                                <div style=\"clear: both\"><\/div>\n                            <\/div>\n                        <\/div>\n\t\t\t\t\t\t\n\t\t\t\t\t\t\n\t\t\t\t\t\t\n                        <div class=\"home-finder_apartment-info_1_3\">\n                           <!-- <h2 class=\"form-header\">Intresseanm\u00e4lan<\/h2> -->\n                            \t\t\t\t\t\t\t\n\t\t\t\t\t\t\t <div class=\"btn-pricelist\" style=\"margin-top:0;\">\n                                <a href=\"https:\/\/tornstaden.se\/saljstart\/\">Intresseanm\u00e4lan<\/a>\n                            <\/div>\n\n\t\t\t\t\t\t\t\n                            <div class=\"documents\">\n                                <h2>Dokument<\/h2>\n                                <ul>\n                                    <li><a class=\"pdf-link\" name=\"\" target=\"_blank\" href=\"#\">Bofaktablad<\/a><\/li>\n                                    <li><a target=\"_blank\" href=\"https:\/\/tornstaden.se\/mjornboalle\/wp-content\/uploads\/2021\/08\/broschyr-brf-mjrnbo-grdar_digital.pdf\">Broschyr<\/a><\/li>\n                                    <li><a target=\"_blank\" href=\"https:\/\/tornstaden.se\/mjornboalle\/wp-content\/uploads\/2021\/08\/prislista-brf-mjornbo-gardar.pdf\">Prislista<\/a><\/li>\n\t\t\t\t\t\t\t\t\t<li><a target=\"_blank\" href=\"https:\/\/tornstaden.se\/mjornboalle\/wp-content\/uploads\/2021\/08\/kopanmalan-brf-mjornbo-gardar.pdf\">K\u00f6panm\u00e4lan<\/a><\/li>\n\t\t\t\t\t\t\t\t\t<!--<li><a target=\"_blank\" href=\"\">Planl\u00f6sningar<\/a><\/li>\n                                     <li><a target=\"_blank\" href=\"\">K\u00f6panm\u00e4lan<\/a><\/li> -->\n                                <\/ul>\n                            <\/div>\n                            <div class=\"btn-pricelist\">\n                                <a href=\"https:\/\/tornstaden.se\/mjornboalle\/prislista\/\">Prislista<\/a>\n                            <\/div>\n                            <div class=\"btn-scrolltop\"><a href=\"#\">\u00d6versikt <span class=\"home-finder-house-name\"><\/span><\/a><\/div>\n                        <\/div>\n                        <div style=\"clear: both\"><\/div>\n                    <\/div>\n                <\/div>\n            <\/div>\n        <\/div>\n\n        [\/vc_column_text][\/vc_column][\/vc_row]\n","protected":false},"excerpt":{"rendered":"<p>[mk_page_section bg_repeat=&#8221;no-repeat&#8221; full_width=&#8221;true&#8221; padding_top=&#8221;0&#8243; padding_bottom=&#8221;0&#8243; margin_bottom=&#8221;16&#8243; visibility=&#8221;hidden-sm&#8221; sidebar=&#8221;sidebar-1&#8243;][vc_column][rev_slider_vc alias=&#8221;mjornbo&#8221;][\/vc_column][\/mk_page_section][mk_page_section bg_repeat=&#8221;no-repeat&#8221; full_width=&#8221;true&#8221; padding_top=&#8221;0&#8243; padding_bottom=&#8221;0&#8243; margin_bottom=&#8221;16&#8243; visibility=&#8221;visible-sm&#8221; sidebar=&#8221;sidebar-1&#8243;][vc_column][rev_slider_vc alias=&#8221;mjornbo&#8221;][\/vc_column][\/mk_page_section][mk_page_section][vc_column][mk_fancy_title margin_bottom=&#8221;0&#8243; font_family=&#8221;none&#8221;] Nu har alla flyttat in i Mj\u00f6rnbo All\u00e9! [\/mk_fancy_title][vc_column_text align=&#8221;center&#8221; margin_bottom=&#8221;16&#8243; css=&#8221;.vc_custom_1677839319711{margin-bottom: 0px !important;}&#8221;]Mj\u00f6rnbo All\u00e9 kallas det omr\u00e5de som Tornstaden, tillsammans med Lerums kommun, l\u00e5tit v\u00e4xa fram i centrala Gr\u00e5bo nord\u00f6st om G\u00f6teborg. I st\u00e4llet f\u00f6r [&hellip;]<\/p>\n","protected":false},"author":1,"featured_media":0,"parent":0,"menu_order":0,"comment_status":"closed","ping_status":"closed","template":"","meta":[],"_links":{"self":[{"href":"https:\/\/tornstaden.se\/mjornboalle\/wp-json\/wp\/v2\/pages\/631"}],"collection":[{"href":"https:\/\/tornstaden.se\/mjornboalle\/wp-json\/wp\/v2\/pages"}],"about":[{"href":"https:\/\/tornstaden.se\/mjornboalle\/wp-json\/wp\/v2\/types\/page"}],"author":[{"embeddable":true,"href":"https:\/\/tornstaden.se\/mjornboalle\/wp-json\/wp\/v2\/users\/1"}],"replies":[{"embeddable":true,"href":"https:\/\/tornstaden.se\/mjornboalle\/wp-json\/wp\/v2\/comments?post=631"}],"version-history":[{"count":214,"href":"https:\/\/tornstaden.se\/mjornboalle\/wp-json\/wp\/v2\/pages\/631\/revisions"}],"predecessor-version":[{"id":1549,"href":"https:\/\/tornstaden.se\/mjornboalle\/wp-json\/wp\/v2\/pages\/631\/revisions\/1549"}],"wp:attachment":[{"href":"https:\/\/tornstaden.se\/mjornboalle\/wp-json\/wp\/v2\/media?parent=631"}],"curies":[{"name":"wp","href":"https:\/\/api.w.org\/{rel}","templated":true}]}}