{"id":494,"date":"2025-06-12T11:17:29","date_gmt":"2025-06-12T09:17:29","guid":{"rendered":"https:\/\/tornstaden.se\/skarhamnsas\/?page_id=494"},"modified":"2026-04-02T13:08:04","modified_gmt":"2026-04-02T11:08:04","slug":"om-skarhamnsas","status":"publish","type":"page","link":"https:\/\/tornstaden.se\/skarhamnsas\/om-skarhamnsas\/","title":{"rendered":"Om Sk\u00e4rhamns\u00e5s"},"content":{"rendered":"\t\t<div data-elementor-type=\"wp-page\" data-elementor-id=\"494\" class=\"elementor elementor-494\" data-elementor-post-type=\"page\">\n\t\t\t\t<div class=\"elementor-element elementor-element-21f7fb27 e-con-full e-flex e-con e-parent\" data-id=\"21f7fb27\" data-element_type=\"container\">\n\t\t\t\t<\/div>\n\t\t<div class=\"elementor-element elementor-element-779d2797 e-flex e-con-boxed e-con e-parent\" data-id=\"779d2797\" data-element_type=\"container\">\n\t\t\t\t\t<div class=\"e-con-inner\">\n\t\t<div class=\"elementor-element elementor-element-78b13cf7 e-con-full e-flex e-con e-child\" data-id=\"78b13cf7\" data-element_type=\"container\">\n\t\t\t\t<div class=\"elementor-element elementor-element-6e416fe8 elementor-widget elementor-widget-heading\" data-id=\"6e416fe8\" data-element_type=\"widget\" data-widget_type=\"heading.default\">\n\t\t\t\t<div class=\"elementor-widget-container\">\n\t\t\t\t\t<h1 class=\"elementor-heading-title elementor-size-default\">\u00c4r n\u00e4sta steg ett kliv iland?<\/h1>\t\t\t\t<\/div>\n\t\t\t\t<\/div>\n\t\t\t\t<\/div>\n\t\t\t\t\t<\/div>\n\t\t\t\t<\/div>\n\t\t<div class=\"elementor-element elementor-element-3fc887a e-flex e-con-boxed e-con e-parent\" data-id=\"3fc887a\" data-element_type=\"container\" data-settings=\"{&quot;background_background&quot;:&quot;classic&quot;}\">\n\t\t\t\t\t<div class=\"e-con-inner\">\n\t\t<div class=\"elementor-element elementor-element-0347d41 e-con-full e-flex e-con e-child\" data-id=\"0347d41\" data-element_type=\"container\">\n\t\t\t\t<div class=\"elementor-element elementor-element-e938dfc elementor-widget__width-initial elementor-widget elementor-widget-text-editor\" data-id=\"e938dfc\" data-element_type=\"widget\" data-widget_type=\"text-editor.default\">\n\t\t\t\t<div class=\"elementor-widget-container\">\n\t\t\t\t\t\t\t\t\t<p><strong>Dr\u00f6mmer du om en skyddad plats i solen, nakna f\u00f6tter i ett ljummet hav, och ett lugn f\u00f6r sj\u00e4len? Den platsen finns n\u00e4rmare \u00e4n du tror. P\u00e5 Sk\u00e4rhamns\u00e5s vid \u00d6cker\u00f6 Centrum bygger vi nya bost\u00e4der och en ny v\u00e4lkomnande m\u00f6tesplats f\u00f6r b\u00e5de \u00f6bor och bes\u00f6kare. \u00d6cker\u00f6 i G\u00f6teborgs norra sk\u00e4rg\u00e5rd erbjuder en unik kombination av lugn havsn\u00e4ra livsstil och n\u00e4rhet till storstadens puls, med hela det vida v\u00e4sterhavet runt knuten.<\/strong><\/p>\t\t\t\t\t\t\t\t<\/div>\n\t\t\t\t<\/div>\n\t\t<div class=\"elementor-element elementor-element-0c042e0 e-con-full e-flex e-con e-child\" data-id=\"0c042e0\" data-element_type=\"container\">\n\t\t\t\t<div class=\"elementor-element elementor-element-47f22f6 elementor-widget__width-initial elementor-widget elementor-widget-image\" data-id=\"47f22f6\" data-element_type=\"widget\" data-widget_type=\"image.default\">\n\t\t\t\t<div class=\"elementor-widget-container\">\n\t\t\t\t\t\t\t\t\t\t\t\t\t\t\t<img fetchpriority=\"high\" decoding=\"async\" width=\"800\" height=\"534\" src=\"https:\/\/tornstaden.se\/skarhamnsas\/wp-content\/uploads\/2025\/02\/tre-generationer_istock-1137299052_web-1024x683.jpg\" class=\"attachment-large size-large wp-image-182\" alt=\"\" srcset=\"https:\/\/tornstaden.se\/skarhamnsas\/wp-content\/uploads\/2025\/02\/tre-generationer_istock-1137299052_web-1024x683.jpg 1024w, https:\/\/tornstaden.se\/skarhamnsas\/wp-content\/uploads\/2025\/02\/tre-generationer_istock-1137299052_web-300x200.jpg 300w, https:\/\/tornstaden.se\/skarhamnsas\/wp-content\/uploads\/2025\/02\/tre-generationer_istock-1137299052_web-768x512.jpg 768w, https:\/\/tornstaden.se\/skarhamnsas\/wp-content\/uploads\/2025\/02\/tre-generationer_istock-1137299052_web.jpg 1200w\" sizes=\"(max-width: 800px) 100vw, 800px\" \/>\t\t\t\t\t\t\t\t\t\t\t\t\t\t\t<\/div>\n\t\t\t\t<\/div>\n\t\t\t\t<div class=\"elementor-element elementor-element-8a8d825 elementor-widget__width-initial elementor-widget elementor-widget-text-editor\" data-id=\"8a8d825\" data-element_type=\"widget\" data-widget_type=\"text-editor.default\">\n\t\t\t\t<div class=\"elementor-widget-container\">\n\t\t\t\t\t\t\t\t\t<p><strong>G\u00f6teborgs sk\u00e4rg\u00e5rd n\u00e4r den \u00e4r som b\u00e4st<\/strong><\/p><p>H\u00e4r m\u00f6ts det stora och det lilla i sann \u00f6bo-anda. Stranna med klippor och salta bad, hamna med bank, apotek, och l\u00e4kare, och b\u00e5de ishall och idrottshall som g\u00f6r den stora passionen f\u00f6r sport till ett av \u00f6ns signum. <br \/>Ner mot hamna ligger ocks\u00e5 Henrys kiosk, fris\u00f6r, och blomsterbutik. En enkel vardag och ett sp\u00e4nnande och rikt kultur- och n\u00e4ringsliv m\u00f6ter utveckling och en levande framtid. V\u00e4lkommen att uppt\u00e4cka denna idylliska p\u00e4rla i G\u00f6teborgs norra sk\u00e4rg\u00e5rd.<\/p>\t\t\t\t\t\t\t\t<\/div>\n\t\t\t\t<\/div>\n\t\t\t\t<\/div>\n\t\t<div class=\"elementor-element elementor-element-43a850a e-con-full e-flex e-con e-child\" data-id=\"43a850a\" data-element_type=\"container\">\n\t\t\t\t<div class=\"elementor-element elementor-element-005b3e5 elementor-widget__width-initial elementor-widget elementor-widget-text-editor\" data-id=\"005b3e5\" data-element_type=\"widget\" data-widget_type=\"text-editor.default\">\n\t\t\t\t<div class=\"elementor-widget-container\">\n\t\t\t\t\t\t\t\t\t<p><strong>En plats att landa, leva och njuta p\u00e5<\/strong><\/p><p>I G\u00f6teborgs norra sk\u00e4rg\u00e5rd finns naturomr\u00e5den, vandringsleder och badplatser. Platser som annars bara varit en extra h\u00e4rlig krydda i livet blir h\u00e4r en del av vardagen. I samh\u00e4llet finns en stark gemenskap d\u00e4r det finns plats att f\u00e5 vara sj\u00e4lv, samtidigt som du aldrig beh\u00f6ver k\u00e4nna dig ensam. Ta en stund f\u00f6r dig sj\u00e4lv p\u00e5 klipporna eller sm\u00e5prata lite med n\u00e5gon du k\u00e4nner nere i Hamna.<\/p><p>\u00d6cker\u00f6 Sk\u00e4rhamns\u00e5s \u00e4r en idyllisk p\u00e4rla i G\u00f6teborgs norra sk\u00e4rg\u00e5rd, som bara v\u00e4ntar p\u00e5 att du ska uppt\u00e4cka den!\u00a0<\/p><div><b>V\u00e4lkommen iland p\u00e5 \u00d6cker\u00f6 och till Sk\u00e4rhamns\u00e5s!<\/b><\/div>\t\t\t\t\t\t\t\t<\/div>\n\t\t\t\t<\/div>\n\t\t\t\t<div class=\"elementor-element elementor-element-12fd29c elementor-widget__width-initial elementor-widget elementor-widget-image\" data-id=\"12fd29c\" data-element_type=\"widget\" data-widget_type=\"image.default\">\n\t\t\t\t<div class=\"elementor-widget-container\">\n\t\t\t\t\t\t\t\t\t\t\t\t\t\t\t<img decoding=\"async\" width=\"800\" height=\"534\" src=\"https:\/\/tornstaden.se\/skarhamnsas\/wp-content\/uploads\/2025\/08\/Ockerofarjan-1024x683.jpg\" class=\"attachment-large size-large wp-image-938\" alt=\"\u00d6cker\u00f6f\u00e4rjan\" srcset=\"https:\/\/tornstaden.se\/skarhamnsas\/wp-content\/uploads\/2025\/08\/Ockerofarjan-1024x683.jpg 1024w, https:\/\/tornstaden.se\/skarhamnsas\/wp-content\/uploads\/2025\/08\/Ockerofarjan-300x200.jpg 300w, https:\/\/tornstaden.se\/skarhamnsas\/wp-content\/uploads\/2025\/08\/Ockerofarjan-768x512.jpg 768w, https:\/\/tornstaden.se\/skarhamnsas\/wp-content\/uploads\/2025\/08\/Ockerofarjan.jpg 1200w\" sizes=\"(max-width: 800px) 100vw, 800px\" \/>\t\t\t\t\t\t\t\t\t\t\t\t\t\t\t<\/div>\n\t\t\t\t<\/div>\n\t\t\t\t<\/div>\n\t\t<div class=\"elementor-element elementor-element-253f493 e-con-full e-flex e-con e-child\" data-id=\"253f493\" data-element_type=\"container\">\n\t\t\t\t<\/div>\n\t\t<div class=\"elementor-element elementor-element-d40a8cd e-con-full e-flex e-con e-child\" data-id=\"d40a8cd\" data-element_type=\"container\">\n\t\t<div class=\"elementor-element elementor-element-e4b8bc8 e-con-full e-flex e-con e-child\" data-id=\"e4b8bc8\" data-element_type=\"container\" data-settings=\"{&quot;background_background&quot;:&quot;classic&quot;}\">\n\t\t\t\t<div class=\"elementor-element elementor-element-14a3926 elementor-widget elementor-widget-heading\" data-id=\"14a3926\" data-element_type=\"widget\" data-widget_type=\"heading.default\">\n\t\t\t\t<div class=\"elementor-widget-container\">\n\t\t\t\t\t<h1 class=\"elementor-heading-title elementor-size-default\">\u00d6CKER\u00d6<\/h1>\t\t\t\t<\/div>\n\t\t\t\t<\/div>\n\t\t\t\t<div class=\"elementor-element elementor-element-6cff204 elementor-widget__width-initial elementor-widget elementor-widget-text-editor\" data-id=\"6cff204\" data-element_type=\"widget\" data-widget_type=\"text-editor.default\">\n\t\t\t\t<div class=\"elementor-widget-container\">\n\t\t\t\t\t\t\t\t\t<p><strong>\u00d6cker\u00f6arnas historia<\/strong> str\u00e4cker sig l\u00e5ngt tillbaka i tiden.<br \/>Redan f\u00f6r tusentals \u00e5r sedan tog sig m\u00e4nniskor ut till \u00f6arna i s\u00f6dra Bohusl\u00e4ns sk\u00e4rg\u00e5rd. N\u00e4r inlandsisen sm\u00e4lte och landmassan steg ur havet, blev det rika fisket och goda jaktm\u00f6jligheter en naturlig grund f\u00f6r tidig bos\u00e4ttning.<\/p><p><strong>\u00d6arnas namn<\/strong> formades av dem som levde h\u00e4r \u2013 exakt n\u00e4r vet ingen.<br \/>Huvud\u00f6n \u00d6cker\u00f6, som senare gav namn \u00e5t hela \u00f6gruppen, kallades tidigt Eikr eyia, &#8221;Ek\u00f6n&#8221;. Troligen v\u00e4xte en ekdunge d\u00e4r den f\u00f6rsta kyrkan byggdes p\u00e5 1200-talet.<\/p>\t\t\t\t\t\t\t\t<\/div>\n\t\t\t\t<\/div>\n\t\t\t\t<\/div>\n\t\t\t\t<\/div>\n\t\t<div class=\"elementor-element elementor-element-ea22fc3 e-con-full e-flex e-con e-child\" data-id=\"ea22fc3\" data-element_type=\"container\">\n\t\t<div class=\"elementor-element elementor-element-c693cb1 e-con-full e-flex e-con e-child\" data-id=\"c693cb1\" data-element_type=\"container\">\n\t\t<div class=\"elementor-element elementor-element-455109d e-con-full e-flex e-con e-child\" data-id=\"455109d\" data-element_type=\"container\" data-settings=\"{&quot;background_background&quot;:&quot;classic&quot;}\">\n\t\t\t\t<div class=\"elementor-element elementor-element-d7ffb6f elementor-widget elementor-widget-image\" data-id=\"d7ffb6f\" data-element_type=\"widget\" data-widget_type=\"image.default\">\n\t\t\t\t<div class=\"elementor-widget-container\">\n\t\t\t\t\t\t\t\t\t\t\t\t\t\t\t<img decoding=\"async\" width=\"800\" height=\"534\" src=\"https:\/\/tornstaden.se\/skarhamnsas\/wp-content\/uploads\/2025\/05\/Fyrvaktarbostaden-och-Baken-fran-soder_webb-1024x683.jpg\" class=\"attachment-large size-large wp-image-486\" alt=\"Fyrvaktarbostaden och B\u00e5ken fr\u00e5n s\u00f6der\" srcset=\"https:\/\/tornstaden.se\/skarhamnsas\/wp-content\/uploads\/2025\/05\/Fyrvaktarbostaden-och-Baken-fran-soder_webb-1024x683.jpg 1024w, https:\/\/tornstaden.se\/skarhamnsas\/wp-content\/uploads\/2025\/05\/Fyrvaktarbostaden-och-Baken-fran-soder_webb-300x200.jpg 300w, https:\/\/tornstaden.se\/skarhamnsas\/wp-content\/uploads\/2025\/05\/Fyrvaktarbostaden-och-Baken-fran-soder_webb-768x512.jpg 768w, https:\/\/tornstaden.se\/skarhamnsas\/wp-content\/uploads\/2025\/05\/Fyrvaktarbostaden-och-Baken-fran-soder_webb.jpg 1200w\" sizes=\"(max-width: 800px) 100vw, 800px\" \/>\t\t\t\t\t\t\t\t\t\t\t\t\t\t\t<\/div>\n\t\t\t\t<\/div>\n\t\t\t\t<\/div>\n\t\t\t\t<\/div>\n\t\t<div class=\"elementor-element elementor-element-cd59884 e-con-full e-flex e-con e-child\" data-id=\"cd59884\" data-element_type=\"container\">\n\t\t<div class=\"elementor-element elementor-element-893d018 e-con-full e-flex e-con e-child\" data-id=\"893d018\" data-element_type=\"container\" data-settings=\"{&quot;background_background&quot;:&quot;classic&quot;}\">\n\t\t\t\t<div class=\"elementor-element elementor-element-99bc762 elementor-widget elementor-widget-heading\" data-id=\"99bc762\" data-element_type=\"widget\" data-widget_type=\"heading.default\">\n\t\t\t\t<div class=\"elementor-widget-container\">\n\t\t\t\t\t<h2 class=\"elementor-heading-title elementor-size-default\">V\u00e5ra bost\u00e4der<\/h2>\t\t\t\t<\/div>\n\t\t\t\t<\/div>\n\t\t\t\t<div class=\"elementor-element elementor-element-290637b elementor-widget__width-initial elementor-widget elementor-widget-text-editor\" data-id=\"290637b\" data-element_type=\"widget\" data-widget_type=\"text-editor.default\">\n\t\t\t\t<div class=\"elementor-widget-container\">\n\t\t\t\t\t\t\t\t\t<p>P\u00e5 Sk\u00e4rhamns\u00e5s, intill \u00d6cker\u00f6 Centrum, v\u00e4xer ett nytt bostadsomr\u00e5de fram \u2013 en levande m\u00f6tesplats f\u00f6r b\u00e5de \u00f6bor och bes\u00f6kare.<br \/>Med sitt unika l\u00e4ge och sin s\u00e4rpr\u00e4glade arkitektur blir B\u00e5ken, tillsammans med den intilliggande Fyrvaktarbostaden, det f\u00f6rsta kvarteret i det nya centrumomr\u00e5det.\u00a0<\/p>\t\t\t\t\t\t\t\t<\/div>\n\t\t\t\t<\/div>\n\t\t\t\t<div class=\"elementor-element elementor-element-18f7879 elementor-align-left elementor-widget__width-inherit elementor-widget elementor-widget-button\" data-id=\"18f7879\" data-element_type=\"widget\" data-widget_type=\"button.default\">\n\t\t\t\t<div class=\"elementor-widget-container\">\n\t\t\t\t\t\t\t\t\t<div class=\"elementor-button-wrapper\">\n\t\t\t\t\t<a class=\"elementor-button elementor-button-link elementor-size-sm\" href=\"https:\/\/tornstaden.se\/skarhamnsas\/om-bostaderna\/\">\n\t\t\t\t\t\t<span class=\"elementor-button-content-wrapper\">\n\t\t\t\t\t\t\t\t\t<span class=\"elementor-button-text\">L\u00e4s mer<\/span>\n\t\t\t\t\t<\/span>\n\t\t\t\t\t<\/a>\n\t\t\t\t<\/div>\n\t\t\t\t\t\t\t\t<\/div>\n\t\t\t\t<\/div>\n\t\t\t\t<\/div>\n\t\t\t\t<\/div>\n\t\t\t\t<\/div>\n\t\t\t\t<\/div>\n\t\t\t\t\t<\/div>\n\t\t\t\t<\/div>\n\t\t<div class=\"elementor-element elementor-element-402f86fc e-con-full e-flex e-con e-parent\" data-id=\"402f86fc\" data-element_type=\"container\">\n\t\t\t\t<div class=\"elementor-element elementor-element-1273c44c elementor-widget elementor-widget-google_maps\" data-id=\"1273c44c\" data-element_type=\"widget\" data-widget_type=\"google_maps.default\">\n\t\t\t\t<div class=\"elementor-widget-container\">\n\t\t\t\t\t\t\t<div class=\"elementor-custom-embed\">\n\t\t\t<iframe loading=\"lazy\"\n\t\t\t\t\tsrc=\"https:\/\/www.google.com\/maps\/embed\/v1\/place?key=AIzaSyAQo0J8ehnpp8VQrMlj5T1yrXWkujrqJ64&#038;q=57.70771337959825%2C%2011.653727429996419&#038;zoom=13\"\n\t\t\t\t\ttitle=\"57.70771337959825, 11.653727429996419\"\n\t\t\t\t\taria-label=\"57.70771337959825, 11.653727429996419\"\n\t\t\t><\/iframe>\n\t\t<\/div>\n\t\t\t\t\t\t<\/div>\n\t\t\t\t<\/div>\n\t\t\t\t<\/div>\n\t\t<div class=\"elementor-element elementor-element-66fa1cb e-flex e-con-boxed e-con e-parent\" data-id=\"66fa1cb\" data-element_type=\"container\">\n\t\t\t\t\t<div class=\"e-con-inner\">\n\t\t<div class=\"elementor-element elementor-element-9ec9b9f e-con-full e-flex e-con e-child\" data-id=\"9ec9b9f\" data-element_type=\"container\">\n\t\t\t\t<div class=\"elementor-element elementor-element-d00e849 elementor-widget elementor-widget-image\" data-id=\"d00e849\" data-element_type=\"widget\" data-widget_type=\"image.default\">\n\t\t\t\t<div class=\"elementor-widget-container\">\n\t\t\t\t\t\t\t\t\t\t\t\t\t\t\t<img loading=\"lazy\" decoding=\"async\" width=\"600\" height=\"99\" src=\"https:\/\/tornstaden.se\/skarhamnsas\/wp-content\/uploads\/2025\/06\/SF-Logo-Primar-Svart-RGB.avif\" class=\"attachment-large size-large wp-image-605\" alt=\"\" srcset=\"https:\/\/tornstaden.se\/skarhamnsas\/wp-content\/uploads\/2025\/06\/SF-Logo-Primar-Svart-RGB.avif 600w, https:\/\/tornstaden.se\/skarhamnsas\/wp-content\/uploads\/2025\/06\/SF-Logo-Primar-Svart-RGB-300x50.avif 300w\" sizes=\"(max-width: 600px) 100vw, 600px\" \/>\t\t\t\t\t\t\t\t\t\t\t\t\t\t\t<\/div>\n\t\t\t\t<\/div>\n\t\t\t\t<\/div>\n\t\t<div class=\"elementor-element elementor-element-301b0d1 e-con-full e-flex e-con e-child\" data-id=\"301b0d1\" data-element_type=\"container\">\n\t\t\t\t<div class=\"elementor-element elementor-element-0bfc989 elementor-widget__width-initial elementor-widget elementor-widget-image\" data-id=\"0bfc989\" data-element_type=\"widget\" data-widget_type=\"image.default\">\n\t\t\t\t<div class=\"elementor-widget-container\">\n\t\t\t\t\t\t\t\t\t\t\t\t\t\t\t<img loading=\"lazy\" decoding=\"async\" width=\"724\" height=\"1024\" src=\"https:\/\/tornstaden.se\/skarhamnsas\/wp-content\/uploads\/2025\/06\/per.jpg\" class=\"attachment-large size-large wp-image-802\" alt=\"\" srcset=\"https:\/\/tornstaden.se\/skarhamnsas\/wp-content\/uploads\/2025\/06\/per.jpg 724w, https:\/\/tornstaden.se\/skarhamnsas\/wp-content\/uploads\/2025\/06\/per-212x300.jpg 212w\" sizes=\"(max-width: 724px) 100vw, 724px\" \/>\t\t\t\t\t\t\t\t\t\t\t\t\t\t\t<\/div>\n\t\t\t\t<\/div>\n\t\t\t\t<div class=\"elementor-element elementor-element-4f036eb elementor-widget elementor-widget-text-editor\" data-id=\"4f036eb\" data-element_type=\"widget\" data-widget_type=\"text-editor.default\">\n\t\t\t\t<div class=\"elementor-widget-container\">\n\t\t\t\t\t\t\t\t\t<p>Per Lind<br \/><a href=\"mailto:per.lind@svenskfast.se\">per.lind@svenskfast.se<\/a><br \/><a href=\"tel:0046709264111\">070-926 41 11<\/a><\/p>\t\t\t\t\t\t\t\t<\/div>\n\t\t\t\t<\/div>\n\t\t\t\t<\/div>\n\t\t<div class=\"elementor-element elementor-element-a465dc5 e-con-full e-flex e-con e-child\" data-id=\"a465dc5\" data-element_type=\"container\">\n\t\t\t\t<div class=\"elementor-element elementor-element-b5a944a elementor-widget__width-initial elementor-widget elementor-widget-image\" data-id=\"b5a944a\" data-element_type=\"widget\" data-widget_type=\"image.default\">\n\t\t\t\t<div class=\"elementor-widget-container\">\n\t\t\t\t\t\t\t\t\t\t\t\t\t\t\t<img loading=\"lazy\" decoding=\"async\" width=\"724\" height=\"1024\" src=\"https:\/\/tornstaden.se\/skarhamnsas\/wp-content\/uploads\/2025\/06\/emelie.jpg\" class=\"attachment-large size-large wp-image-803\" alt=\"\" srcset=\"https:\/\/tornstaden.se\/skarhamnsas\/wp-content\/uploads\/2025\/06\/emelie.jpg 724w, https:\/\/tornstaden.se\/skarhamnsas\/wp-content\/uploads\/2025\/06\/emelie-212x300.jpg 212w\" sizes=\"(max-width: 724px) 100vw, 724px\" \/>\t\t\t\t\t\t\t\t\t\t\t\t\t\t\t<\/div>\n\t\t\t\t<\/div>\n\t\t\t\t<div class=\"elementor-element elementor-element-3b91f66 elementor-widget elementor-widget-text-editor\" data-id=\"3b91f66\" data-element_type=\"widget\" data-widget_type=\"text-editor.default\">\n\t\t\t\t<div class=\"elementor-widget-container\">\n\t\t\t\t\t\t\t\t\t<p>Emelie Karlsson<br \/><a href=\"mailto:emelie.karlsson@svenskfast.se\">emelie.karlsson@svenskfast.se<\/a><br \/><a href=\"tel:0046708811872\">070-88 11 872<\/a><\/p>\t\t\t\t\t\t\t\t<\/div>\n\t\t\t\t<\/div>\n\t\t\t\t<\/div>\n\t\t\t\t\t<\/div>\n\t\t\t\t<\/div>\n\t\t\t\t<\/div>\n\t\t","protected":false},"excerpt":{"rendered":"<p>\u00c4r n\u00e4sta steg ett kliv iland? Dr\u00f6mmer du om en skyddad plats i solen, nakna f\u00f6tter i ett ljummet hav, och ett lugn f\u00f6r sj\u00e4len? Den platsen finns n\u00e4rmare \u00e4n du tror. P\u00e5 Sk\u00e4rhamns\u00e5s vid \u00d6cker\u00f6 Centrum bygger vi nya bost\u00e4der och en ny v\u00e4lkomnande m\u00f6tesplats f\u00f6r b\u00e5de \u00f6bor och bes\u00f6kare. \u00d6cker\u00f6 i G\u00f6teborgs norra [&hellip;]<\/p>\n","protected":false},"author":1,"featured_media":0,"parent":0,"menu_order":0,"comment_status":"closed","ping_status":"closed","template":"","meta":{"footnotes":""},"class_list":["post-494","page","type-page","status-publish","hentry"],"_links":{"self":[{"href":"https:\/\/tornstaden.se\/skarhamnsas\/wp-json\/wp\/v2\/pages\/494","targetHints":{"allow":["GET"]}}],"collection":[{"href":"https:\/\/tornstaden.se\/skarhamnsas\/wp-json\/wp\/v2\/pages"}],"about":[{"href":"https:\/\/tornstaden.se\/skarhamnsas\/wp-json\/wp\/v2\/types\/page"}],"author":[{"embeddable":true,"href":"https:\/\/tornstaden.se\/skarhamnsas\/wp-json\/wp\/v2\/users\/1"}],"replies":[{"embeddable":true,"href":"https:\/\/tornstaden.se\/skarhamnsas\/wp-json\/wp\/v2\/comments?post=494"}],"version-history":[{"count":148,"href":"https:\/\/tornstaden.se\/skarhamnsas\/wp-json\/wp\/v2\/pages\/494\/revisions"}],"predecessor-version":[{"id":1331,"href":"https:\/\/tornstaden.se\/skarhamnsas\/wp-json\/wp\/v2\/pages\/494\/revisions\/1331"}],"wp:attachment":[{"href":"https:\/\/tornstaden.se\/skarhamnsas\/wp-json\/wp\/v2\/media?parent=494"}],"curies":[{"name":"wp","href":"https:\/\/api.w.org\/{rel}","templated":true}]}}