{"id":523,"date":"2025-06-12T16:08:36","date_gmt":"2025-06-12T14:08:36","guid":{"rendered":"https:\/\/tornstaden.se\/skarhamnsas\/?page_id=523"},"modified":"2026-04-01T14:02:53","modified_gmt":"2026-04-01T12:02:53","slug":"om-bostaderna","status":"publish","type":"page","link":"https:\/\/tornstaden.se\/skarhamnsas\/om-bostaderna\/","title":{"rendered":"Om bost\u00e4derna"},"content":{"rendered":"\t\t<div data-elementor-type=\"wp-page\" data-elementor-id=\"523\" class=\"elementor elementor-523\" data-elementor-post-type=\"page\">\n\t\t\t\t<div class=\"elementor-element elementor-element-238881e5 e-con-full e-flex e-con e-parent\" data-id=\"238881e5\" data-element_type=\"container\">\n\t\t\t\t<\/div>\n\t\t<div class=\"elementor-element elementor-element-68758d84 e-flex e-con-boxed e-con e-parent\" data-id=\"68758d84\" data-element_type=\"container\">\n\t\t\t\t\t<div class=\"e-con-inner\">\n\t\t<div class=\"elementor-element elementor-element-77d8f86e e-con-full e-flex e-con e-child\" data-id=\"77d8f86e\" data-element_type=\"container\">\n\t\t\t\t<div class=\"elementor-element elementor-element-7b951821 elementor-widget elementor-widget-heading\" data-id=\"7b951821\" data-element_type=\"widget\" data-widget_type=\"heading.default\">\n\t\t\t\t<div class=\"elementor-widget-container\">\n\t\t\t\t\t<h1 class=\"elementor-heading-title elementor-size-default\">Varmt v\u00e4lkommen till kvarteret Fyrvaktaren!<\/h1>\t\t\t\t<\/div>\n\t\t\t\t<\/div>\n\t\t\t\t<\/div>\n\t\t\t\t\t<\/div>\n\t\t\t\t<\/div>\n\t\t<div class=\"elementor-element elementor-element-c6bd4fb e-flex e-con-boxed e-con e-parent\" data-id=\"c6bd4fb\" data-element_type=\"container\" data-settings=\"{&quot;background_background&quot;:&quot;classic&quot;}\">\n\t\t\t\t\t<div class=\"e-con-inner\">\n\t\t<div class=\"elementor-element elementor-element-3bc3f9bf e-con-full e-flex e-con e-child\" data-id=\"3bc3f9bf\" data-element_type=\"container\">\n\t\t\t\t<div class=\"elementor-element elementor-element-36fbe1e4 elementor-widget__width-initial elementor-widget elementor-widget-text-editor\" data-id=\"36fbe1e4\" data-element_type=\"widget\" data-widget_type=\"text-editor.default\">\n\t\t\t\t<div class=\"elementor-widget-container\">\n\t\t\t\t\t\t\t\t\t<div><p><b>P\u00e5 Sk\u00e4rhamns\u00e5s vid \u00d6cker\u00f6 Centrum bygger vi nya bost\u00e4der och en ny v\u00e4lkomnande m\u00f6tesplats f\u00f6r b\u00e5de \u00f6bor och bes\u00f6kare. Med sitt unika l\u00e4ge och sin karakt\u00e4ristiska arkitektur blir B\u00e5ken, tillsammans med den intilliggande Fyrvaktarbostaden, det f\u00f6rsta kvarteret i det nya centrumomr\u00e5det p\u00e5 \u00d6cker\u00f6 \u2013 och markerar starten f\u00f6r en ny era i kommunens utveckling.\u00a0<\/b><\/p><\/div>\t\t\t\t\t\t\t\t<\/div>\n\t\t\t\t<\/div>\n\t\t<div class=\"elementor-element elementor-element-7a01f166 e-con-full e-flex e-con e-child\" data-id=\"7a01f166\" data-element_type=\"container\">\n\t\t\t\t<div class=\"elementor-element elementor-element-484c9f65 elementor-widget__width-initial elementor-widget elementor-widget-image\" data-id=\"484c9f65\" data-element_type=\"widget\" data-widget_type=\"image.default\">\n\t\t\t\t<div class=\"elementor-widget-container\">\n\t\t\t\t\t\t\t\t\t\t\t\t<figure class=\"wp-caption\">\n\t\t\t\t\t\t\t\t\t\t<img fetchpriority=\"high\" decoding=\"async\" width=\"800\" height=\"534\" src=\"https:\/\/tornstaden.se\/skarhamnsas\/wp-content\/uploads\/2025\/08\/Baken_0412_07_beskuren-webb-1024x683.jpg\" class=\"attachment-large size-large wp-image-913\" alt=\"B\u00e5ken och Fyrvaktarbostaden\" srcset=\"https:\/\/tornstaden.se\/skarhamnsas\/wp-content\/uploads\/2025\/08\/Baken_0412_07_beskuren-webb-1024x683.jpg 1024w, https:\/\/tornstaden.se\/skarhamnsas\/wp-content\/uploads\/2025\/08\/Baken_0412_07_beskuren-webb-300x200.jpg 300w, https:\/\/tornstaden.se\/skarhamnsas\/wp-content\/uploads\/2025\/08\/Baken_0412_07_beskuren-webb-768x512.jpg 768w, https:\/\/tornstaden.se\/skarhamnsas\/wp-content\/uploads\/2025\/08\/Baken_0412_07_beskuren-webb.jpg 1200w\" sizes=\"(max-width: 800px) 100vw, 800px\" \/>\t\t\t\t\t\t\t\t\t\t\t<figcaption class=\"widget-image-caption wp-caption-text\">B\u00e5ken och Fyrvaktarbostaden<\/figcaption>\n\t\t\t\t\t\t\t\t\t\t<\/figure>\n\t\t\t\t\t\t\t\t\t<\/div>\n\t\t\t\t<\/div>\n\t\t\t\t<div class=\"elementor-element elementor-element-44985a90 elementor-widget__width-initial elementor-widget elementor-widget-text-editor\" data-id=\"44985a90\" data-element_type=\"widget\" id=\"exempel1\" data-widget_type=\"text-editor.default\">\n\t\t\t\t<div class=\"elementor-widget-container\">\n\t\t\t\t\t\t\t\t\t<p><strong>Ett kvarter d\u00e4r historia och framtid f\u00e5r m\u00f6tas<\/strong><\/p><p>Kvarteret Fyrvaktaren best\u00e5r av tv\u00e5 byggnader som tillsammans kommer att inneh\u00e5lla 70 bostadsr\u00e4tter och tv\u00e5 verksamhetslokaler vid en torgyta mot hamnen.<\/p><p>B\u00e5ken k\u00e4nnetecknas av en modern, havsn\u00e4ra arkitektur med tydliga kopplingar till \u00d6cker\u00f6s maritima arv. Inspirationen \u00e4r h\u00e4mtad fr\u00e5n den n\u00e4rliggande Leksk\u00e4rs b\u00e5k och fyr, och resultatet \u00e4r en unik byggnad som kommer att bli ett fint landm\u00e4rke f\u00f6r \u00d6cker\u00f6. Intill B\u00e5ken byggs Fyrvaktarbostaden i en mer klassisk sk\u00e4rg\u00e5rdsstil.\u00a0<\/p>\t\t\t\t\t\t\t\t<\/div>\n\t\t\t\t<\/div>\n\t\t\t\t<\/div>\n\t\t<div class=\"elementor-element elementor-element-49c08596 e-con-full e-flex e-con e-child\" data-id=\"49c08596\" data-element_type=\"container\">\n\t\t\t\t<div class=\"elementor-element elementor-element-4f1bb2c8 elementor-widget__width-initial elementor-widget elementor-widget-text-editor\" data-id=\"4f1bb2c8\" data-element_type=\"widget\" data-widget_type=\"text-editor.default\">\n\t\t\t\t<div class=\"elementor-widget-container\">\n\t\t\t\t\t\t\t\t\t<p><strong>Ett boende anpassat f\u00f6r b\u00e5de det lilla och stora livet<\/strong><\/p><p>I kvarteret finns ett varierat utbud av bost\u00e4der \u2013 fr\u00e5n mindre l\u00e4genheter med 1\u20132 rum och k\u00f6k till st\u00f6rre bost\u00e4der med upp till 5 rum och k\u00f6k.<span class=\"Apple-converted-space\">\u00a0 <\/span><\/p><p>Inredningen \u00e4r tidl\u00f6s i en ljus, skandinavisk stil. Samtliga l\u00e4genheter har antingen uteplats, balkong eller fransk balkong d\u00e4r du kan njuta av den vidstr\u00e4ckta utsikten.<\/p><p>I markplan finns en f\u00f6reningslokal med \u00f6vernattningsm\u00f6jligheter och en relaxdel med bastu som kan anv\u00e4ndas av f\u00f6reningens medlemmar.<\/p><p>Parkeringsplatser finns b\u00e5de i ett tv\u00e5plansgarage under husen och p\u00e5 g\u00e5rden. Till varje l\u00e4genhet h\u00f6r ett separat f\u00f6rr\u00e5d och det finns \u00e4ven v\u00e4derskyddad cykelf\u00f6rvaring i garaget f\u00f6r gemensamt bruk.<\/p>\t\t\t\t\t\t\t\t<\/div>\n\t\t\t\t<\/div>\n\t\t\t\t<div class=\"elementor-element elementor-element-223c8d52 elementor-widget__width-initial elementor-widget elementor-widget-image\" data-id=\"223c8d52\" data-element_type=\"widget\" data-widget_type=\"image.default\">\n\t\t\t\t<div class=\"elementor-widget-container\">\n\t\t\t\t\t\t\t\t\t\t\t\t\t\t\t<img decoding=\"async\" width=\"1200\" height=\"800\" src=\"https:\/\/tornstaden.se\/skarhamnsas\/wp-content\/uploads\/2025\/08\/Markplan_Fyrvaktaren_webb.jpg\" class=\"attachment-full size-full wp-image-921\" alt=\"B\u00e5ken och torget mot hamnen\" srcset=\"https:\/\/tornstaden.se\/skarhamnsas\/wp-content\/uploads\/2025\/08\/Markplan_Fyrvaktaren_webb.jpg 1200w, https:\/\/tornstaden.se\/skarhamnsas\/wp-content\/uploads\/2025\/08\/Markplan_Fyrvaktaren_webb-300x200.jpg 300w, https:\/\/tornstaden.se\/skarhamnsas\/wp-content\/uploads\/2025\/08\/Markplan_Fyrvaktaren_webb-1024x683.jpg 1024w, https:\/\/tornstaden.se\/skarhamnsas\/wp-content\/uploads\/2025\/08\/Markplan_Fyrvaktaren_webb-768x512.jpg 768w\" sizes=\"(max-width: 1200px) 100vw, 1200px\" \/>\t\t\t\t\t\t\t\t\t\t\t\t\t\t\t<\/div>\n\t\t\t\t<\/div>\n\t\t\t\t<\/div>\n\t\t\t\t<\/div>\n\t\t\t\t\t<\/div>\n\t\t\t\t<\/div>\n\t\t<div class=\"elementor-element elementor-element-f43c7da e-flex e-con-boxed e-con e-parent\" data-id=\"f43c7da\" data-element_type=\"container\" data-settings=\"{&quot;background_background&quot;:&quot;classic&quot;}\">\n\t\t\t\t\t<div class=\"e-con-inner\">\n\t\t<div class=\"elementor-element elementor-element-a37230a e-con-full e-flex e-con e-child\" data-id=\"a37230a\" data-element_type=\"container\" id=\"exempel2\">\n\t\t\t\t<div class=\"elementor-element elementor-element-7c21841 elementor-widget__width-inherit elementor-widget elementor-widget-text-editor\" data-id=\"7c21841\" data-element_type=\"widget\" data-widget_type=\"text-editor.default\">\n\t\t\t\t<div class=\"elementor-widget-container\">\n\t\t\t\t\t\t\t\t\t<p><strong>H\u00e4r kan du bl\u00e4ddra i en broschyr om Kvarteret Fyrvaktaren p\u00e5 \u00d6cker\u00f6.\u00a0<\/strong><\/p>\t\t\t\t\t\t\t\t<\/div>\n\t\t\t\t<\/div>\n\t\t<div class=\"elementor-element elementor-element-ceb6302 e-con-full e-flex e-con e-child\" data-id=\"ceb6302\" data-element_type=\"container\">\n\t\t\t\t<div class=\"elementor-element elementor-element-50867e9 elementor-widget elementor-widget-shortcode\" data-id=\"50867e9\" data-element_type=\"widget\" data-widget_type=\"shortcode.default\">\n\t\t\t\t<div class=\"elementor-widget-container\">\n\t\t\t\t\t\t\t<div class=\"elementor-shortcode\"><div class=\"_3d-flip-book  fb3d-fullscreen-mode full-size\" data-id=\"1061\" data-mode=\"fullscreen\" data-title=\"false\" data-template=\"short-white-book-view\" data-lightbox=\"dark\" data-urlparam=\"fb3d-page\" data-page-n=\"0\" data-pdf=\"\" data-tax=\"null\" data-thumbnail=\"\" data-cols=\"3\" data-query=\"\"><\/div><\/div>\n\t\t\t\t\t\t<\/div>\n\t\t\t\t<\/div>\n\t\t\t\t<\/div>\n\t\t\t\t<\/div>\n\t\t\t\t\t<\/div>\n\t\t\t\t<\/div>\n\t\t<div class=\"elementor-element elementor-element-f5a1614 e-flex e-con-boxed e-con e-parent\" data-id=\"f5a1614\" data-element_type=\"container\" data-settings=\"{&quot;background_background&quot;:&quot;classic&quot;}\">\n\t\t\t\t\t<div class=\"e-con-inner\">\n\t\t<div class=\"elementor-element elementor-element-dee0014 e-con-full e-flex e-con e-child\" data-id=\"dee0014\" data-element_type=\"container\">\n\t\t\t\t<div class=\"elementor-element elementor-element-c8feddc elementor-widget__width-inherit elementor-widget elementor-widget-text-editor\" data-id=\"c8feddc\" data-element_type=\"widget\" data-widget_type=\"text-editor.default\">\n\t\t\t\t<div class=\"elementor-widget-container\">\n\t\t\t\t\t\t\t\t\t<p><strong>H\u00e4r kan du bl\u00e4ddra i en broschyr med plansl\u00f6sningar f\u00f6r alla bost\u00e4der.<\/strong><\/p>\t\t\t\t\t\t\t\t<\/div>\n\t\t\t\t<\/div>\n\t\t<div class=\"elementor-element elementor-element-27750f7 e-con-full e-flex e-con e-child\" data-id=\"27750f7\" data-element_type=\"container\">\n\t\t\t\t<div class=\"elementor-element elementor-element-fe4117b elementor-widget elementor-widget-shortcode\" data-id=\"fe4117b\" data-element_type=\"widget\" data-widget_type=\"shortcode.default\">\n\t\t\t\t<div class=\"elementor-widget-container\">\n\t\t\t\t\t\t\t<div class=\"elementor-shortcode\"><div class=\"_3d-flip-book  fb3d-fullscreen-mode full-size\" data-id=\"1089\" data-mode=\"fullscreen\" data-title=\"false\" data-template=\"short-white-book-view\" data-lightbox=\"dark\" data-urlparam=\"fb3d-page\" data-page-n=\"0\" data-pdf=\"\" data-tax=\"null\" data-thumbnail=\"\" data-cols=\"3\" data-query=\"\"><\/div><\/div>\n\t\t\t\t\t\t<\/div>\n\t\t\t\t<\/div>\n\t\t\t\t<\/div>\n\t\t\t\t<\/div>\n\t\t\t\t\t<\/div>\n\t\t\t\t<\/div>\n\t\t<div class=\"elementor-element elementor-element-4f9b867 e-flex e-con-boxed e-con e-child\" data-id=\"4f9b867\" data-element_type=\"container\">\n\t\t\t\t\t<div class=\"e-con-inner\">\n\t\t<div class=\"elementor-element elementor-element-d92010d e-con-full e-flex e-con e-child\" data-id=\"d92010d\" data-element_type=\"container\" data-settings=\"{&quot;background_background&quot;:&quot;classic&quot;}\">\n\t\t<div class=\"elementor-element elementor-element-e100214 e-con-full e-flex e-con e-child\" data-id=\"e100214\" data-element_type=\"container\" data-settings=\"{&quot;background_background&quot;:&quot;classic&quot;}\">\n\t\t<div class=\"elementor-element elementor-element-a49841c e-con-full e-flex e-con e-child\" data-id=\"a49841c\" data-element_type=\"container\" data-settings=\"{&quot;background_background&quot;:&quot;classic&quot;}\">\n\t\t\t\t<div class=\"elementor-element elementor-element-a300e48 elementor-widget elementor-widget-heading\" data-id=\"a300e48\" data-element_type=\"widget\" data-widget_type=\"heading.default\">\n\t\t\t\t<div class=\"elementor-widget-container\">\n\t\t\t\t\t<h2 class=\"elementor-heading-title elementor-size-default\">Om Sk\u00e4rhamns\u00e5s<\/h2>\t\t\t\t<\/div>\n\t\t\t\t<\/div>\n\t\t\t\t<div class=\"elementor-element elementor-element-e11a359 elementor-widget__width-initial elementor-widget elementor-widget-text-editor\" data-id=\"e11a359\" data-element_type=\"widget\" data-widget_type=\"text-editor.default\">\n\t\t\t\t<div class=\"elementor-widget-container\">\n\t\t\t\t\t\t\t\t\tSk\u00e4rhamns\u00e5s p\u00e5 \u00d6cker\u00f6 \u00e4r f\u00f6r dig som vill bo n\u00e4ra havet och leva med h\u00f6g livskvalitet i vardagen.\n\u00d6cker\u00f6 \u00e4r en av Sveriges tryggaste kommuner, med n\u00f6jda inv\u00e5nare som uppskattar allt fr\u00e5n f\u00f6rskola och skola till v\u00e5rd och omsorg.\n\nMed ett rikt f\u00f6reningsliv, ett levande n\u00e4rings- och kulturliv och en framtidstro som m\u00e4rks i varje kvarter, \u00e4r \u00d6cker\u00f6 en plats att b\u00e5de trivas och v\u00e4xa p\u00e5. H\u00e4r blir livet lite enklare \u2013 med havet som granne, f\u00e4rjan ist\u00e4llet f\u00f6r sp\u00e5rvagnen och naturens stillhet som motvikt till stadens brus.\t\t\t\t\t\t\t\t<\/div>\n\t\t\t\t<\/div>\n\t\t\t\t<div class=\"elementor-element elementor-element-bb63c23 elementor-align-left elementor-widget__width-inherit elementor-widget elementor-widget-button\" data-id=\"bb63c23\" data-element_type=\"widget\" data-widget_type=\"button.default\">\n\t\t\t\t<div class=\"elementor-widget-container\">\n\t\t\t\t\t\t\t\t\t<div class=\"elementor-button-wrapper\">\n\t\t\t\t\t<a class=\"elementor-button elementor-button-link elementor-size-sm\" href=\"https:\/\/tornstaden.se\/skarhamnsas\/om-skarhamnsas\/\">\n\t\t\t\t\t\t<span class=\"elementor-button-content-wrapper\">\n\t\t\t\t\t\t\t\t\t<span class=\"elementor-button-text\">L\u00e4s mer<\/span>\n\t\t\t\t\t<\/span>\n\t\t\t\t\t<\/a>\n\t\t\t\t<\/div>\n\t\t\t\t\t\t\t\t<\/div>\n\t\t\t\t<\/div>\n\t\t\t\t<\/div>\n\t\t\t\t<\/div>\n\t\t\t\t<\/div>\n\t\t<div class=\"elementor-element elementor-element-eb958a3 e-con-full e-flex e-con e-child\" data-id=\"eb958a3\" data-element_type=\"container\">\n\t\t\t\t<div class=\"elementor-element elementor-element-0105c50 elementor-widget elementor-widget-image\" data-id=\"0105c50\" data-element_type=\"widget\" data-widget_type=\"image.default\">\n\t\t\t\t<div class=\"elementor-widget-container\">\n\t\t\t\t\t\t\t\t\t\t\t\t\t\t\t<img decoding=\"async\" width=\"800\" height=\"533\" src=\"https:\/\/tornstaden.se\/skarhamnsas\/wp-content\/uploads\/2025\/02\/adobestock_91557564-e1575882578656-1024x682.jpeg\" class=\"attachment-large size-large wp-image-183\" alt=\"\" srcset=\"https:\/\/tornstaden.se\/skarhamnsas\/wp-content\/uploads\/2025\/02\/adobestock_91557564-e1575882578656-1024x682.jpeg 1024w, https:\/\/tornstaden.se\/skarhamnsas\/wp-content\/uploads\/2025\/02\/adobestock_91557564-e1575882578656-300x200.jpeg 300w, https:\/\/tornstaden.se\/skarhamnsas\/wp-content\/uploads\/2025\/02\/adobestock_91557564-e1575882578656-768x512.jpeg 768w, https:\/\/tornstaden.se\/skarhamnsas\/wp-content\/uploads\/2025\/02\/adobestock_91557564-e1575882578656.jpeg 1400w\" sizes=\"(max-width: 800px) 100vw, 800px\" \/>\t\t\t\t\t\t\t\t\t\t\t\t\t\t\t<\/div>\n\t\t\t\t<\/div>\n\t\t\t\t<\/div>\n\t\t\t\t\t<\/div>\n\t\t\t\t<\/div>\n\t\t<div class=\"elementor-element elementor-element-326b792a e-con-full e-flex e-con e-parent\" data-id=\"326b792a\" data-element_type=\"container\">\n\t\t\t\t<div class=\"elementor-element elementor-element-fa23e6d elementor-widget elementor-widget-google_maps\" data-id=\"fa23e6d\" data-element_type=\"widget\" data-widget_type=\"google_maps.default\">\n\t\t\t\t<div class=\"elementor-widget-container\">\n\t\t\t\t\t\t\t<div class=\"elementor-custom-embed\">\n\t\t\t<iframe loading=\"lazy\"\n\t\t\t\t\tsrc=\"https:\/\/www.google.com\/maps\/embed\/v1\/place?key=AIzaSyAQo0J8ehnpp8VQrMlj5T1yrXWkujrqJ64&#038;q=57.70771337959825%2C%2011.653727429996419&#038;zoom=13\"\n\t\t\t\t\ttitle=\"57.70771337959825, 11.653727429996419\"\n\t\t\t\t\taria-label=\"57.70771337959825, 11.653727429996419\"\n\t\t\t><\/iframe>\n\t\t<\/div>\n\t\t\t\t\t\t<\/div>\n\t\t\t\t<\/div>\n\t\t\t\t<\/div>\n\t\t<div class=\"elementor-element elementor-element-e45f5e0 e-flex e-con-boxed e-con e-parent\" data-id=\"e45f5e0\" data-element_type=\"container\" id=\"kontakt\">\n\t\t\t\t\t<div class=\"e-con-inner\">\n\t\t<div class=\"elementor-element elementor-element-674e302 e-con-full e-flex e-con e-child\" data-id=\"674e302\" data-element_type=\"container\">\n\t\t\t\t<div class=\"elementor-element elementor-element-792f94b elementor-widget elementor-widget-image\" data-id=\"792f94b\" data-element_type=\"widget\" data-widget_type=\"image.default\">\n\t\t\t\t<div class=\"elementor-widget-container\">\n\t\t\t\t\t\t\t\t\t\t\t\t\t\t\t<img loading=\"lazy\" decoding=\"async\" width=\"600\" height=\"99\" src=\"https:\/\/tornstaden.se\/skarhamnsas\/wp-content\/uploads\/2025\/06\/SF-Logo-Primar-Svart-RGB.avif\" class=\"attachment-large size-large wp-image-605\" alt=\"\" srcset=\"https:\/\/tornstaden.se\/skarhamnsas\/wp-content\/uploads\/2025\/06\/SF-Logo-Primar-Svart-RGB.avif 600w, https:\/\/tornstaden.se\/skarhamnsas\/wp-content\/uploads\/2025\/06\/SF-Logo-Primar-Svart-RGB-300x50.avif 300w\" sizes=\"(max-width: 600px) 100vw, 600px\" \/>\t\t\t\t\t\t\t\t\t\t\t\t\t\t\t<\/div>\n\t\t\t\t<\/div>\n\t\t\t\t<\/div>\n\t\t<div class=\"elementor-element elementor-element-24c2a5c e-con-full e-flex e-con e-child\" data-id=\"24c2a5c\" data-element_type=\"container\">\n\t\t\t\t<div class=\"elementor-element elementor-element-3bfe55b elementor-widget__width-initial elementor-widget elementor-widget-image\" data-id=\"3bfe55b\" data-element_type=\"widget\" data-widget_type=\"image.default\">\n\t\t\t\t<div class=\"elementor-widget-container\">\n\t\t\t\t\t\t\t\t\t\t\t\t\t\t\t<img loading=\"lazy\" decoding=\"async\" width=\"724\" height=\"1024\" src=\"https:\/\/tornstaden.se\/skarhamnsas\/wp-content\/uploads\/2025\/06\/per.jpg\" class=\"attachment-large size-large wp-image-802\" alt=\"\" srcset=\"https:\/\/tornstaden.se\/skarhamnsas\/wp-content\/uploads\/2025\/06\/per.jpg 724w, https:\/\/tornstaden.se\/skarhamnsas\/wp-content\/uploads\/2025\/06\/per-212x300.jpg 212w\" sizes=\"(max-width: 724px) 100vw, 724px\" \/>\t\t\t\t\t\t\t\t\t\t\t\t\t\t\t<\/div>\n\t\t\t\t<\/div>\n\t\t\t\t<div class=\"elementor-element elementor-element-b8d8f31 elementor-widget elementor-widget-text-editor\" data-id=\"b8d8f31\" data-element_type=\"widget\" data-widget_type=\"text-editor.default\">\n\t\t\t\t<div class=\"elementor-widget-container\">\n\t\t\t\t\t\t\t\t\t<p>Per Lind<br \/><a href=\"mailto:per.lind@svenskfast.se\">per.lind@svenskfast.se<\/a><br \/><a href=\"tel:0046709264111\">070-926 41 11<\/a><\/p>\t\t\t\t\t\t\t\t<\/div>\n\t\t\t\t<\/div>\n\t\t\t\t<\/div>\n\t\t<div class=\"elementor-element elementor-element-5287a6a e-con-full e-flex e-con e-child\" data-id=\"5287a6a\" data-element_type=\"container\">\n\t\t\t\t<div class=\"elementor-element elementor-element-2dd726f elementor-widget__width-initial elementor-widget elementor-widget-image\" data-id=\"2dd726f\" data-element_type=\"widget\" data-widget_type=\"image.default\">\n\t\t\t\t<div class=\"elementor-widget-container\">\n\t\t\t\t\t\t\t\t\t\t\t\t\t\t\t<img loading=\"lazy\" decoding=\"async\" width=\"724\" height=\"1024\" src=\"https:\/\/tornstaden.se\/skarhamnsas\/wp-content\/uploads\/2025\/06\/emelie.jpg\" class=\"attachment-large size-large wp-image-803\" alt=\"\" srcset=\"https:\/\/tornstaden.se\/skarhamnsas\/wp-content\/uploads\/2025\/06\/emelie.jpg 724w, https:\/\/tornstaden.se\/skarhamnsas\/wp-content\/uploads\/2025\/06\/emelie-212x300.jpg 212w\" sizes=\"(max-width: 724px) 100vw, 724px\" \/>\t\t\t\t\t\t\t\t\t\t\t\t\t\t\t<\/div>\n\t\t\t\t<\/div>\n\t\t\t\t<div class=\"elementor-element elementor-element-afb9a2f elementor-widget elementor-widget-text-editor\" data-id=\"afb9a2f\" data-element_type=\"widget\" data-widget_type=\"text-editor.default\">\n\t\t\t\t<div class=\"elementor-widget-container\">\n\t\t\t\t\t\t\t\t\t<p>Emelie Karlsson<br \/><a href=\"mailto:emelie.karlsson@svenskfast.se\">emelie.karlsson@svenskfast.se<\/a><br \/><a href=\"tel:0046708811872\">070-88 11 872<\/a><\/p>\t\t\t\t\t\t\t\t<\/div>\n\t\t\t\t<\/div>\n\t\t\t\t<\/div>\n\t\t\t\t\t<\/div>\n\t\t\t\t<\/div>\n\t\t\t\t<\/div>\n\t\t","protected":false},"excerpt":{"rendered":"<p>Varmt v\u00e4lkommen till kvarteret Fyrvaktaren! P\u00e5 Sk\u00e4rhamns\u00e5s vid \u00d6cker\u00f6 Centrum bygger vi nya bost\u00e4der och en ny v\u00e4lkomnande m\u00f6tesplats f\u00f6r b\u00e5de \u00f6bor och bes\u00f6kare. Med sitt unika l\u00e4ge och sin karakt\u00e4ristiska arkitektur blir B\u00e5ken, tillsammans med den intilliggande Fyrvaktarbostaden, det f\u00f6rsta kvarteret i det nya centrumomr\u00e5det p\u00e5 \u00d6cker\u00f6 \u2013 och markerar starten f\u00f6r en ny [&hellip;]<\/p>\n","protected":false},"author":1,"featured_media":0,"parent":0,"menu_order":0,"comment_status":"closed","ping_status":"closed","template":"","meta":{"footnotes":""},"class_list":["post-523","page","type-page","status-publish","hentry"],"_links":{"self":[{"href":"https:\/\/tornstaden.se\/skarhamnsas\/wp-json\/wp\/v2\/pages\/523","targetHints":{"allow":["GET"]}}],"collection":[{"href":"https:\/\/tornstaden.se\/skarhamnsas\/wp-json\/wp\/v2\/pages"}],"about":[{"href":"https:\/\/tornstaden.se\/skarhamnsas\/wp-json\/wp\/v2\/types\/page"}],"author":[{"embeddable":true,"href":"https:\/\/tornstaden.se\/skarhamnsas\/wp-json\/wp\/v2\/users\/1"}],"replies":[{"embeddable":true,"href":"https:\/\/tornstaden.se\/skarhamnsas\/wp-json\/wp\/v2\/comments?post=523"}],"version-history":[{"count":131,"href":"https:\/\/tornstaden.se\/skarhamnsas\/wp-json\/wp\/v2\/pages\/523\/revisions"}],"predecessor-version":[{"id":1266,"href":"https:\/\/tornstaden.se\/skarhamnsas\/wp-json\/wp\/v2\/pages\/523\/revisions\/1266"}],"wp:attachment":[{"href":"https:\/\/tornstaden.se\/skarhamnsas\/wp-json\/wp\/v2\/media?parent=523"}],"curies":[{"name":"wp","href":"https:\/\/api.w.org\/{rel}","templated":true}]}}